{"id":1339542,"date":"2026-02-23T23:06:44","date_gmt":"2026-02-23T21:06:44","guid":{"rendered":"https:\/\/koduaed.balticagro.ee\/toode\/svetilnik-na-solnechnoj-bataree-atusa\/"},"modified":"2026-02-24T00:34:01","modified_gmt":"2026-02-23T22:34:01","slug":"svetilnik-na-solnechnoj-bataree-atusa","status":"publish","type":"product","link":"https:\/\/koduaed.balticagro.ee\/ru\/produkt\/svetilnik-na-solnechnoj-bataree-atusa\/","title":{"rendered":"\u0421\u0432\u0435\u0442\u0438\u043b\u044c\u043d\u0438\u043a \u043d\u0430 \u0441\u043e\u043b\u043d\u0435\u0447\u043d\u043e\u0439 \u0431\u0430\u0442\u0430\u0440\u0435\u0435 Atusa"},"content":{"rendered":"","protected":false},"excerpt":{"rendered":"<p>See p\u00e4ikeseenergial t\u00f6\u00f6tav majakas muudab automaatselt v\u00e4rve. Dekoratiivne, selle optiline osa sisaldab mulliefekti. Roostevabast terasest ja plastikust. P\u00e4ikesepaneel laeb p\u00e4eva jooksul ja l\u00fclitub h\u00e4mardudes automaatselt sisse. T\u00e4islaetud akuga umbes 6\u20138 t\u00f6\u00f6tundi. Laetav aku 1,2 V &#8212; 300 mAh AAA NiMH.<\/p>\n<h3>\u041f\u0430\u043a\u0435\u0442<\/h3>\n<p>1 \u0448\u0442.<\/p>\n","protected":false},"featured_media":1340575,"template":"","meta":{"_monsterinsights_skip_tracking":false,"_monsterinsights_sitenote_active":false,"_monsterinsights_sitenote_note":"","_monsterinsights_sitenote_category":0},"product_brand":[],"product_cat":[7764],"product_tag":[],"class_list":{"0":"post-1339542","1":"product","2":"type-product","3":"status-publish","4":"has-post-thumbnail","6":"product_cat-tovari-domashnego-sadovotstva","7":"description-off","9":"first","10":"instock","11":"shipping-taxable","12":"product-type-simple"},"yoast_head":"<!-- This site is optimized with the Yoast SEO Premium plugin v27.0 (Yoast SEO v27.0) - https:\/\/yoast.com\/product\/yoast-seo-premium-wordpress\/ -->\n<title>\u0421\u0432\u0435\u0442\u0438\u043b\u044c\u043d\u0438\u043a \u043d\u0430 \u0441\u043e\u043b\u043d\u0435\u0447\u043d\u043e\u0439 \u0431\u0430\u0442\u0430\u0440\u0435\u0435 Atusa<\/title>\n<meta name=\"description\" content=\"See p\u00e4ikeseenergial t\u00f6\u00f6tav majakas muudab automaatselt v\u00e4rve. Dekoratiivne, selle optiline osa sisaldab mulliefekti. Roostevabast terasest ja plastikust. P\u00e4ikesepaneel laeb p\u00e4eva jooksul ja l\u00fclitub h\u00e4mardudes automaatselt sisse. T\u00e4islaetud akuga umbes 6\u20138 t\u00f6\u00f6tundi. Laetav aku 1,2 V - 300 mAh AAA NiMH.\u041f\u0430\u043a\u0435\u04421 \u0448\u0442.\" \/>\n<meta name=\"robots\" content=\"index, follow, max-snippet:-1, max-image-preview:large, max-video-preview:-1\" \/>\n<link rel=\"canonical\" href=\"https:\/\/koduaed.balticagro.ee\/ru\/produkt\/svetilnik-na-solnechnoj-bataree-atusa\/\" \/>\n<meta property=\"og:locale\" content=\"ru_RU\" \/>\n<meta property=\"og:type\" content=\"article\" \/>\n<meta property=\"og:title\" content=\"\u0421\u0432\u0435\u0442\u0438\u043b\u044c\u043d\u0438\u043a \u043d\u0430 \u0441\u043e\u043b\u043d\u0435\u0447\u043d\u043e\u0439 \u0431\u0430\u0442\u0430\u0440\u0435\u0435 Atusa\" \/>\n<meta property=\"og:description\" content=\"See p\u00e4ikeseenergial t\u00f6\u00f6tav majakas muudab automaatselt v\u00e4rve. Dekoratiivne, selle optiline osa sisaldab mulliefekti. Roostevabast terasest ja plastikust. P\u00e4ikesepaneel laeb p\u00e4eva jooksul ja l\u00fclitub h\u00e4mardudes automaatselt sisse. T\u00e4islaetud akuga umbes 6\u20138 t\u00f6\u00f6tundi. Laetav aku 1,2 V - 300 mAh AAA NiMH.\u041f\u0430\u043a\u0435\u04421 \u0448\u0442.\" \/>\n<meta property=\"og:url\" content=\"https:\/\/koduaed.balticagro.ee\/ru\/produkt\/svetilnik-na-solnechnoj-bataree-atusa\/\" \/>\n<meta property=\"og:site_name\" content=\"Koduaed\" \/>\n<meta property=\"article:modified_time\" content=\"2026-02-23T22:34:01+00:00\" \/>\n<meta property=\"og:image\" content=\"https:\/\/koduaed.balticagro.ee\/wp-content\/uploads\/2026\/02\/04f7bd83_1920x1080-4.jpg\" \/>\n\t<meta property=\"og:image:width\" content=\"1024\" \/>\n\t<meta property=\"og:image:height\" content=\"1024\" \/>\n\t<meta property=\"og:image:type\" content=\"image\/jpeg\" \/>\n<meta name=\"twitter:card\" content=\"summary_large_image\" \/>\n<meta name=\"twitter:label1\" content=\"\u0426\u0435\u043d\u0430\" \/>\n\t<meta name=\"twitter:data1\" content=\"\" \/>\n\t<meta name=\"twitter:label2\" content=\"\u0414\u043e\u0441\u0442\u0443\u043f\u043d\u043e\u0441\u0442\u044c\" \/>\n\t<meta name=\"twitter:data2\" content=\"\u0412 \u043d\u0430\u043b\u0438\u0447\u0438\u0438\" \/>\n<script type=\"application\/ld+json\" class=\"yoast-schema-graph\">{\"@context\":\"https:\/\/schema.org\",\"@graph\":[{\"@type\":\"WebPage\",\"@id\":\"https:\/\/koduaed.balticagro.ee\/ru\/produkt\/svetilnik-na-solnechnoj-bataree-atusa\/\",\"url\":\"https:\/\/koduaed.balticagro.ee\/ru\/produkt\/svetilnik-na-solnechnoj-bataree-atusa\/\",\"name\":\"\u0421\u0432\u0435\u0442\u0438\u043b\u044c\u043d\u0438\u043a \u043d\u0430 \u0441\u043e\u043b\u043d\u0435\u0447\u043d\u043e\u0439 \u0431\u0430\u0442\u0430\u0440\u0435\u0435 Atusa\",\"isPartOf\":{\"@id\":\"https:\/\/koduaed.balticagro.ee\/ru\/#website\"},\"primaryImageOfPage\":{\"@id\":\"https:\/\/koduaed.balticagro.ee\/ru\/produkt\/svetilnik-na-solnechnoj-bataree-atusa\/#primaryimage\"},\"image\":{\"@id\":\"https:\/\/koduaed.balticagro.ee\/ru\/produkt\/svetilnik-na-solnechnoj-bataree-atusa\/#primaryimage\"},\"thumbnailUrl\":\"https:\/\/koduaed.balticagro.ee\/wp-content\/uploads\/2026\/02\/04f7bd83_1920x1080-5.jpg\",\"datePublished\":\"2026-02-23T21:06:44+00:00\",\"dateModified\":\"2026-02-23T22:34:01+00:00\",\"description\":\"See p\u00e4ikeseenergial t\u00f6\u00f6tav majakas muudab automaatselt v\u00e4rve. Dekoratiivne, selle optiline osa sisaldab mulliefekti. Roostevabast terasest ja plastikust. P\u00e4ikesepaneel laeb p\u00e4eva jooksul ja l\u00fclitub h\u00e4mardudes automaatselt sisse. T\u00e4islaetud akuga umbes 6\u20138 t\u00f6\u00f6tundi. Laetav aku 1,2 V - 300 mAh AAA NiMH. \u041f\u0430\u043a\u0435\u0442 1 \u0448\u0442.\",\"breadcrumb\":{\"@id\":\"https:\/\/koduaed.balticagro.ee\/ru\/produkt\/svetilnik-na-solnechnoj-bataree-atusa\/#breadcrumb\"},\"inLanguage\":\"ru-RU\",\"potentialAction\":[{\"@type\":\"ReadAction\",\"target\":[\"https:\/\/koduaed.balticagro.ee\/ru\/produkt\/svetilnik-na-solnechnoj-bataree-atusa\/\"]}]},{\"@type\":\"ImageObject\",\"inLanguage\":\"ru-RU\",\"@id\":\"https:\/\/koduaed.balticagro.ee\/ru\/produkt\/svetilnik-na-solnechnoj-bataree-atusa\/#primaryimage\",\"url\":\"https:\/\/koduaed.balticagro.ee\/wp-content\/uploads\/2026\/02\/04f7bd83_1920x1080-5.jpg\",\"contentUrl\":\"https:\/\/koduaed.balticagro.ee\/wp-content\/uploads\/2026\/02\/04f7bd83_1920x1080-5.jpg\",\"width\":1024,\"height\":1024},{\"@type\":\"BreadcrumbList\",\"@id\":\"https:\/\/koduaed.balticagro.ee\/ru\/produkt\/svetilnik-na-solnechnoj-bataree-atusa\/#breadcrumb\",\"itemListElement\":[{\"@type\":\"ListItem\",\"position\":1,\"name\":\"Avaleht\",\"item\":\"https:\/\/koduaed.balticagro.ee\/ru\/\"},{\"@type\":\"ListItem\",\"position\":2,\"name\":\"\u0442\u043e\u0432\u0430\u0440\u044b\",\"item\":\"https:\/\/koduaed.balticagro.ee\/ru\/tovary\/\"},{\"@type\":\"ListItem\",\"position\":3,\"name\":\"\u0421\u0432\u0435\u0442\u0438\u043b\u044c\u043d\u0438\u043a \u043d\u0430 \u0441\u043e\u043b\u043d\u0435\u0447\u043d\u043e\u0439 \u0431\u0430\u0442\u0430\u0440\u0435\u0435 Atusa\"}]},{\"@type\":\"WebSite\",\"@id\":\"https:\/\/koduaed.balticagro.ee\/ru\/#website\",\"url\":\"https:\/\/koduaed.balticagro.ee\/ru\/\",\"name\":\"Balticagro koduaed\",\"description\":\"\",\"publisher\":{\"@id\":\"https:\/\/koduaed.balticagro.ee\/ru\/#organization\"},\"alternateName\":\"Koduaed\",\"potentialAction\":[{\"@type\":\"SearchAction\",\"target\":{\"@type\":\"EntryPoint\",\"urlTemplate\":\"https:\/\/koduaed.balticagro.ee\/ru\/?s={search_term_string}\"},\"query-input\":{\"@type\":\"PropertyValueSpecification\",\"valueRequired\":true,\"valueName\":\"search_term_string\"}}],\"inLanguage\":\"ru-RU\"},{\"@type\":[\"Organization\",\"Place\"],\"@id\":\"https:\/\/koduaed.balticagro.ee\/ru\/#organization\",\"name\":\"Baltic Agro AS\",\"alternateName\":\"Koduaed\",\"url\":\"https:\/\/koduaed.balticagro.ee\/ru\/\",\"logo\":{\"@id\":\"https:\/\/koduaed.balticagro.ee\/ru\/produkt\/svetilnik-na-solnechnoj-bataree-atusa\/#local-main-organization-logo\"},\"image\":{\"@id\":\"https:\/\/koduaed.balticagro.ee\/ru\/produkt\/svetilnik-na-solnechnoj-bataree-atusa\/#local-main-organization-logo\"},\"telephone\":[],\"openingHoursSpecification\":[{\"@type\":\"OpeningHoursSpecification\",\"dayOfWeek\":[\"Monday\",\"Tuesday\",\"Wednesday\",\"Thursday\",\"Friday\",\"Saturday\",\"Sunday\"],\"opens\":\"09:00\",\"closes\":\"17:00\"}]},{\"@type\":\"ImageObject\",\"inLanguage\":\"ru-RU\",\"@id\":\"https:\/\/koduaed.balticagro.ee\/ru\/produkt\/svetilnik-na-solnechnoj-bataree-atusa\/#local-main-organization-logo\",\"url\":\"https:\/\/koduaed.balticagro.ee\/wp-content\/uploads\/2020\/02\/balticagro_estonia-1-2.png\",\"contentUrl\":\"https:\/\/koduaed.balticagro.ee\/wp-content\/uploads\/2020\/02\/balticagro_estonia-1-2.png\",\"width\":225,\"height\":81,\"caption\":\"Baltic Agro AS\"}]}<\/script>\n<meta property=\"product:price:currency\" content=\"EUR\" \/>\n<meta property=\"og:availability\" content=\"instock\" \/>\n<meta property=\"product:availability\" content=\"instock\" \/>\n<meta property=\"product:retailer_item_id\" content=\"8413246209106ru\" \/>\n<meta property=\"product:condition\" content=\"new\" \/>\n<!-- \/ Yoast SEO Premium plugin. -->","yoast_head_json":{"title":"\u0421\u0432\u0435\u0442\u0438\u043b\u044c\u043d\u0438\u043a \u043d\u0430 \u0441\u043e\u043b\u043d\u0435\u0447\u043d\u043e\u0439 \u0431\u0430\u0442\u0430\u0440\u0435\u0435 Atusa","description":"See p\u00e4ikeseenergial t\u00f6\u00f6tav majakas muudab automaatselt v\u00e4rve. Dekoratiivne, selle optiline osa sisaldab mulliefekti. Roostevabast terasest ja plastikust. P\u00e4ikesepaneel laeb p\u00e4eva jooksul ja l\u00fclitub h\u00e4mardudes automaatselt sisse. T\u00e4islaetud akuga umbes 6\u20138 t\u00f6\u00f6tundi. Laetav aku 1,2 V - 300 mAh AAA NiMH.\u041f\u0430\u043a\u0435\u04421 \u0448\u0442.","robots":{"index":"index","follow":"follow","max-snippet":"max-snippet:-1","max-image-preview":"max-image-preview:large","max-video-preview":"max-video-preview:-1"},"canonical":"https:\/\/koduaed.balticagro.ee\/ru\/produkt\/svetilnik-na-solnechnoj-bataree-atusa\/","og_locale":"ru_RU","og_type":"article","og_title":"\u0421\u0432\u0435\u0442\u0438\u043b\u044c\u043d\u0438\u043a \u043d\u0430 \u0441\u043e\u043b\u043d\u0435\u0447\u043d\u043e\u0439 \u0431\u0430\u0442\u0430\u0440\u0435\u0435 Atusa","og_description":"See p\u00e4ikeseenergial t\u00f6\u00f6tav majakas muudab automaatselt v\u00e4rve. Dekoratiivne, selle optiline osa sisaldab mulliefekti. Roostevabast terasest ja plastikust. P\u00e4ikesepaneel laeb p\u00e4eva jooksul ja l\u00fclitub h\u00e4mardudes automaatselt sisse. T\u00e4islaetud akuga umbes 6\u20138 t\u00f6\u00f6tundi. Laetav aku 1,2 V - 300 mAh AAA NiMH.\u041f\u0430\u043a\u0435\u04421 \u0448\u0442.","og_url":"https:\/\/koduaed.balticagro.ee\/ru\/produkt\/svetilnik-na-solnechnoj-bataree-atusa\/","og_site_name":"Koduaed","article_modified_time":"2026-02-23T22:34:01+00:00","og_image":[{"width":1024,"height":1024,"url":"https:\/\/koduaed.balticagro.ee\/wp-content\/uploads\/2026\/02\/04f7bd83_1920x1080-4.jpg","type":"image\/jpeg"}],"twitter_card":"summary_large_image","twitter_misc":{"\u0426\u0435\u043d\u0430":"","\u0414\u043e\u0441\u0442\u0443\u043f\u043d\u043e\u0441\u0442\u044c":"\u0412 \u043d\u0430\u043b\u0438\u0447\u0438\u0438"},"schema":{"@context":"https:\/\/schema.org","@graph":[{"@type":"WebPage","@id":"https:\/\/koduaed.balticagro.ee\/ru\/produkt\/svetilnik-na-solnechnoj-bataree-atusa\/","url":"https:\/\/koduaed.balticagro.ee\/ru\/produkt\/svetilnik-na-solnechnoj-bataree-atusa\/","name":"\u0421\u0432\u0435\u0442\u0438\u043b\u044c\u043d\u0438\u043a \u043d\u0430 \u0441\u043e\u043b\u043d\u0435\u0447\u043d\u043e\u0439 \u0431\u0430\u0442\u0430\u0440\u0435\u0435 Atusa","isPartOf":{"@id":"https:\/\/koduaed.balticagro.ee\/ru\/#website"},"primaryImageOfPage":{"@id":"https:\/\/koduaed.balticagro.ee\/ru\/produkt\/svetilnik-na-solnechnoj-bataree-atusa\/#primaryimage"},"image":{"@id":"https:\/\/koduaed.balticagro.ee\/ru\/produkt\/svetilnik-na-solnechnoj-bataree-atusa\/#primaryimage"},"thumbnailUrl":"https:\/\/koduaed.balticagro.ee\/wp-content\/uploads\/2026\/02\/04f7bd83_1920x1080-5.jpg","datePublished":"2026-02-23T21:06:44+00:00","dateModified":"2026-02-23T22:34:01+00:00","description":"See p\u00e4ikeseenergial t\u00f6\u00f6tav majakas muudab automaatselt v\u00e4rve. Dekoratiivne, selle optiline osa sisaldab mulliefekti. Roostevabast terasest ja plastikust. P\u00e4ikesepaneel laeb p\u00e4eva jooksul ja l\u00fclitub h\u00e4mardudes automaatselt sisse. T\u00e4islaetud akuga umbes 6\u20138 t\u00f6\u00f6tundi. Laetav aku 1,2 V - 300 mAh AAA NiMH. \u041f\u0430\u043a\u0435\u0442 1 \u0448\u0442.","breadcrumb":{"@id":"https:\/\/koduaed.balticagro.ee\/ru\/produkt\/svetilnik-na-solnechnoj-bataree-atusa\/#breadcrumb"},"inLanguage":"ru-RU","potentialAction":[{"@type":"ReadAction","target":["https:\/\/koduaed.balticagro.ee\/ru\/produkt\/svetilnik-na-solnechnoj-bataree-atusa\/"]}]},{"@type":"ImageObject","inLanguage":"ru-RU","@id":"https:\/\/koduaed.balticagro.ee\/ru\/produkt\/svetilnik-na-solnechnoj-bataree-atusa\/#primaryimage","url":"https:\/\/koduaed.balticagro.ee\/wp-content\/uploads\/2026\/02\/04f7bd83_1920x1080-5.jpg","contentUrl":"https:\/\/koduaed.balticagro.ee\/wp-content\/uploads\/2026\/02\/04f7bd83_1920x1080-5.jpg","width":1024,"height":1024},{"@type":"BreadcrumbList","@id":"https:\/\/koduaed.balticagro.ee\/ru\/produkt\/svetilnik-na-solnechnoj-bataree-atusa\/#breadcrumb","itemListElement":[{"@type":"ListItem","position":1,"name":"Avaleht","item":"https:\/\/koduaed.balticagro.ee\/ru\/"},{"@type":"ListItem","position":2,"name":"\u0442\u043e\u0432\u0430\u0440\u044b","item":"https:\/\/koduaed.balticagro.ee\/ru\/tovary\/"},{"@type":"ListItem","position":3,"name":"\u0421\u0432\u0435\u0442\u0438\u043b\u044c\u043d\u0438\u043a \u043d\u0430 \u0441\u043e\u043b\u043d\u0435\u0447\u043d\u043e\u0439 \u0431\u0430\u0442\u0430\u0440\u0435\u0435 Atusa"}]},{"@type":"WebSite","@id":"https:\/\/koduaed.balticagro.ee\/ru\/#website","url":"https:\/\/koduaed.balticagro.ee\/ru\/","name":"Balticagro koduaed","description":"","publisher":{"@id":"https:\/\/koduaed.balticagro.ee\/ru\/#organization"},"alternateName":"Koduaed","potentialAction":[{"@type":"SearchAction","target":{"@type":"EntryPoint","urlTemplate":"https:\/\/koduaed.balticagro.ee\/ru\/?s={search_term_string}"},"query-input":{"@type":"PropertyValueSpecification","valueRequired":true,"valueName":"search_term_string"}}],"inLanguage":"ru-RU"},{"@type":["Organization","Place"],"@id":"https:\/\/koduaed.balticagro.ee\/ru\/#organization","name":"Baltic Agro AS","alternateName":"Koduaed","url":"https:\/\/koduaed.balticagro.ee\/ru\/","logo":{"@id":"https:\/\/koduaed.balticagro.ee\/ru\/produkt\/svetilnik-na-solnechnoj-bataree-atusa\/#local-main-organization-logo"},"image":{"@id":"https:\/\/koduaed.balticagro.ee\/ru\/produkt\/svetilnik-na-solnechnoj-bataree-atusa\/#local-main-organization-logo"},"telephone":[],"openingHoursSpecification":[{"@type":"OpeningHoursSpecification","dayOfWeek":["Monday","Tuesday","Wednesday","Thursday","Friday","Saturday","Sunday"],"opens":"09:00","closes":"17:00"}]},{"@type":"ImageObject","inLanguage":"ru-RU","@id":"https:\/\/koduaed.balticagro.ee\/ru\/produkt\/svetilnik-na-solnechnoj-bataree-atusa\/#local-main-organization-logo","url":"https:\/\/koduaed.balticagro.ee\/wp-content\/uploads\/2020\/02\/balticagro_estonia-1-2.png","contentUrl":"https:\/\/koduaed.balticagro.ee\/wp-content\/uploads\/2020\/02\/balticagro_estonia-1-2.png","width":225,"height":81,"caption":"Baltic Agro AS"}]},"product_price_currency":"EUR","og_availability":"instock","product_availability":"instock","product_retailer_item_id":"8413246209106ru","product_condition":"new"},"_links":{"self":[{"href":"https:\/\/koduaed.balticagro.ee\/ru\/wp-json\/wp\/v2\/product\/1339542","targetHints":{"allow":["GET"]}}],"collection":[{"href":"https:\/\/koduaed.balticagro.ee\/ru\/wp-json\/wp\/v2\/product"}],"about":[{"href":"https:\/\/koduaed.balticagro.ee\/ru\/wp-json\/wp\/v2\/types\/product"}],"wp:featuredmedia":[{"embeddable":true,"href":"https:\/\/koduaed.balticagro.ee\/ru\/wp-json\/wp\/v2\/media\/1340575"}],"wp:attachment":[{"href":"https:\/\/koduaed.balticagro.ee\/ru\/wp-json\/wp\/v2\/media?parent=1339542"}],"wp:term":[{"taxonomy":"product_brand","embeddable":true,"href":"https:\/\/koduaed.balticagro.ee\/ru\/wp-json\/wp\/v2\/product_brand?post=1339542"},{"taxonomy":"product_cat","embeddable":true,"href":"https:\/\/koduaed.balticagro.ee\/ru\/wp-json\/wp\/v2\/product_cat?post=1339542"},{"taxonomy":"product_tag","embeddable":true,"href":"https:\/\/koduaed.balticagro.ee\/ru\/wp-json\/wp\/v2\/product_tag?post=1339542"}],"curies":[{"name":"wp","href":"https:\/\/api.w.org\/{rel}","templated":true}]}}