{"id":836981,"date":"2026-02-19T18:05:05","date_gmt":"2026-02-19T16:05:05","guid":{"rendered":"https:\/\/koduaed.balticagro.ee\/toode\/fertilizer-tablets-for-summer-flowers\/"},"modified":"2026-04-01T01:26:39","modified_gmt":"2026-03-31T22:26:39","slug":"fertilizer-tablets-for-summer-flowers","status":"publish","type":"product","link":"https:\/\/koduaed.balticagro.ee\/en\/product\/fertilizer-tablets-for-summer-flowers\/","title":{"rendered":"Fertilizer Tablets for Summer Flowers"},"content":{"rendered":"","protected":false},"excerpt":{"rendered":"<p>Fertilizer with a long-term effect, suitable for use in summer flower baskets and balcony boxes, potted plants, seedlings, ornamental shrubs, flower beds. Promotes strong growth and long-lasting blooms throughout the growing season. The special binding structure of the fertilizer allows the nutrients to be released gradually according to the plant&#8217;s needs over a period of 6 months. Contains all essential basic and micronutrients for lush plant growth. (pack of at least 9 pcs). Shelf life: 5 years in sealed packaging.<\/p>\n<h3>Manual<\/h3>\n<p>It is recommended to use once a year in the spring at the beginning of the growing season. Press the tablets into the soil next to the plant&#8217;s roots. When planting, place the fertilizer tablets in the soil under the root ball. Using several tablets, press them into the soil at regular intervals. Water well after fertilizing.Ampli, potted plants: according to the diameter of the pot, 1 piece &#8211; \u00d8 0-10 cm, 2 pieces &#8211; \u00d8 10-15 cm,3 pcs &#8211; \u00d8 15-20 cm, 4 pcs &#8211; \u00d8 20-30 cm, 5-6 pcs &#8211; \u00d8 30-40 cm.Balcony boxes, flower beds: 1 tablet for each plant (geraniums, petunias, begonias and other summer flowers).<\/p>\n<h3>Package<\/h3>\n<p>1 g<\/p>\n","protected":false},"featured_media":1342070,"template":"","meta":{"_monsterinsights_skip_tracking":false,"_monsterinsights_sitenote_active":false,"_monsterinsights_sitenote_note":"","_monsterinsights_sitenote_category":0},"product_brand":[],"product_cat":[7390,7699,7800,7691],"product_tag":[],"class_list":{"0":"post-836981","1":"product","2":"type-product","3":"status-publish","4":"has-post-thumbnail","6":"product_cat-fertilizers","7":"product_cat-garden-fertilizers","8":"product_cat-slow-release-fertilizer","9":"product_cat-garden-products","10":"description-off","12":"first","13":"instock","14":"downloadable","15":"product-type-simple"},"yoast_head":"<!-- This site is optimized with the Yoast SEO Premium plugin v27.0 (Yoast SEO v27.0) - https:\/\/yoast.com\/product\/yoast-seo-premium-wordpress\/ -->\n<title>Fertilizer Tablets for Summer Flowers<\/title>\n<meta name=\"description\" content=\"Fertilizer with a long-term effect, suitable for use in summer flower baskets and balcony boxes, potted plants, seedlings, ornamental shrubs, flower beds. Promotes strong growth and long-lasting blooms throughout the growing season. The special binding structure of the fertilizer allows the nutrients to be released gradually according to the plant&#039;s needs over a period of 6 months. Contains all essential basic and micronutrients for lush plant growth. (pack of at least 9 pcs). Shelf life: 5 years in sealed packaging.ManualIt is recommended to use once a year in the spring at the beginning of the growing season. Press the tablets into the soil next to the plant&#039;s roots. When planting, place the fertilizer tablets in the soil under the root ball. Using several tablets, press them into the soil at regular intervals. Water well after fertilizing.Ampli, potted plants: according to the diameter of the pot, 1 piece - \u00d8 0-10 cm, 2 pieces - \u00d8 10-15 cm,3 pcs - \u00d8 15-20 cm, 4 pcs - \u00d8 20-30 cm, 5-6 pcs - \u00d8 30-40 cm.Balcony boxes, flower beds: 1 tablet for each plant (geraniums, petunias, begonias and other summer flowers).Package1 g\" \/>\n<meta name=\"robots\" content=\"index, follow, max-snippet:-1, max-image-preview:large, max-video-preview:-1\" \/>\n<link rel=\"canonical\" href=\"https:\/\/koduaed.balticagro.ee\/en\/product\/fertilizer-tablets-for-summer-flowers\/\" \/>\n<meta property=\"og:locale\" content=\"en_US\" \/>\n<meta property=\"og:type\" content=\"article\" \/>\n<meta property=\"og:title\" content=\"Fertilizer Tablets for Summer Flowers\" \/>\n<meta property=\"og:description\" content=\"Fertilizer with a long-term effect, suitable for use in summer flower baskets and balcony boxes, potted plants, seedlings, ornamental shrubs, flower beds. Promotes strong growth and long-lasting blooms throughout the growing season. The special binding structure of the fertilizer allows the nutrients to be released gradually according to the plant&#039;s needs over a period of 6 months. Contains all essential basic and micronutrients for lush plant growth. (pack of at least 9 pcs). Shelf life: 5 years in sealed packaging.ManualIt is recommended to use once a year in the spring at the beginning of the growing season. Press the tablets into the soil next to the plant&#039;s roots. When planting, place the fertilizer tablets in the soil under the root ball. Using several tablets, press them into the soil at regular intervals. Water well after fertilizing.Ampli, potted plants: according to the diameter of the pot, 1 piece - \u00d8 0-10 cm, 2 pieces - \u00d8 10-15 cm,3 pcs - \u00d8 15-20 cm, 4 pcs - \u00d8 20-30 cm, 5-6 pcs - \u00d8 30-40 cm.Balcony boxes, flower beds: 1 tablet for each plant (geraniums, petunias, begonias and other summer flowers).Package1 g\" \/>\n<meta property=\"og:url\" content=\"https:\/\/koduaed.balticagro.ee\/en\/product\/fertilizer-tablets-for-summer-flowers\/\" \/>\n<meta property=\"og:site_name\" content=\"Koduaed\" \/>\n<meta property=\"article:modified_time\" content=\"2026-03-31T22:26:39+00:00\" \/>\n<meta property=\"og:image\" content=\"https:\/\/koduaed.balticagro.ee\/wp-content\/uploads\/2026\/02\/85f620cc_1920x1080-1.jpg\" \/>\n\t<meta property=\"og:image:width\" content=\"1080\" \/>\n\t<meta property=\"og:image:height\" content=\"1080\" \/>\n\t<meta property=\"og:image:type\" content=\"image\/jpeg\" \/>\n<meta name=\"twitter:card\" content=\"summary_large_image\" \/>\n<meta name=\"twitter:label1\" content=\"Price\" \/>\n\t<meta name=\"twitter:data1\" content=\"\" \/>\n\t<meta name=\"twitter:label2\" content=\"Availability\" \/>\n\t<meta name=\"twitter:data2\" content=\"In stock\" \/>\n<script type=\"application\/ld+json\" class=\"yoast-schema-graph\">{\"@context\":\"https:\/\/schema.org\",\"@graph\":[{\"@type\":\"WebPage\",\"@id\":\"https:\/\/koduaed.balticagro.ee\/en\/product\/fertilizer-tablets-for-summer-flowers\/\",\"url\":\"https:\/\/koduaed.balticagro.ee\/en\/product\/fertilizer-tablets-for-summer-flowers\/\",\"name\":\"Fertilizer Tablets for Summer Flowers\",\"isPartOf\":{\"@id\":\"https:\/\/koduaed.balticagro.ee\/en\/#website\"},\"primaryImageOfPage\":{\"@id\":\"https:\/\/koduaed.balticagro.ee\/en\/product\/fertilizer-tablets-for-summer-flowers\/#primaryimage\"},\"image\":{\"@id\":\"https:\/\/koduaed.balticagro.ee\/en\/product\/fertilizer-tablets-for-summer-flowers\/#primaryimage\"},\"thumbnailUrl\":\"https:\/\/koduaed.balticagro.ee\/wp-content\/uploads\/2026\/04\/85f620cc_1920x1080.jpg\",\"datePublished\":\"2026-02-19T16:05:05+00:00\",\"dateModified\":\"2026-03-31T22:26:39+00:00\",\"description\":\"Fertilizer with a long-term effect, suitable for use in summer flower baskets and balcony boxes, potted plants, seedlings, ornamental shrubs, flower beds. Promotes strong growth and long-lasting blooms throughout the growing season. The special binding structure of the fertilizer allows the nutrients to be released gradually according to the plant's needs over a period of 6 months. Contains all essential basic and micronutrients for lush plant growth. (pack of at least 9 pcs). Shelf life: 5 years in sealed packaging. Manual It is recommended to use once a year in the spring at the beginning of the growing season. Press the tablets into the soil next to the plant's roots. When planting, place the fertilizer tablets in the soil under the root ball. Using several tablets, press them into the soil at regular intervals. Water well after fertilizing.Ampli, potted plants: according to the diameter of the pot, 1 piece - \u00d8 0-10 cm, 2 pieces - \u00d8 10-15 cm,3 pcs - \u00d8 15-20 cm, 4 pcs - \u00d8 20-30 cm, 5-6 pcs - \u00d8 30-40 cm.Balcony boxes, flower beds: 1 tablet for each plant (geraniums, petunias, begonias and other summer flowers). Package 1 g\",\"breadcrumb\":{\"@id\":\"https:\/\/koduaed.balticagro.ee\/en\/product\/fertilizer-tablets-for-summer-flowers\/#breadcrumb\"},\"inLanguage\":\"en-US\",\"potentialAction\":[{\"@type\":\"ReadAction\",\"target\":[\"https:\/\/koduaed.balticagro.ee\/en\/product\/fertilizer-tablets-for-summer-flowers\/\"]}]},{\"@type\":\"ImageObject\",\"inLanguage\":\"en-US\",\"@id\":\"https:\/\/koduaed.balticagro.ee\/en\/product\/fertilizer-tablets-for-summer-flowers\/#primaryimage\",\"url\":\"https:\/\/koduaed.balticagro.ee\/wp-content\/uploads\/2026\/04\/85f620cc_1920x1080.jpg\",\"contentUrl\":\"https:\/\/koduaed.balticagro.ee\/wp-content\/uploads\/2026\/04\/85f620cc_1920x1080.jpg\",\"width\":1080,\"height\":1080},{\"@type\":\"BreadcrumbList\",\"@id\":\"https:\/\/koduaed.balticagro.ee\/en\/product\/fertilizer-tablets-for-summer-flowers\/#breadcrumb\",\"itemListElement\":[{\"@type\":\"ListItem\",\"position\":1,\"name\":\"Avaleht\",\"item\":\"https:\/\/koduaed.balticagro.ee\/en\/\"},{\"@type\":\"ListItem\",\"position\":2,\"name\":\"Products\",\"item\":\"https:\/\/koduaed.balticagro.ee\/en\/products\/\"},{\"@type\":\"ListItem\",\"position\":3,\"name\":\"Fertilizer Tablets for Summer Flowers\"}]},{\"@type\":\"WebSite\",\"@id\":\"https:\/\/koduaed.balticagro.ee\/en\/#website\",\"url\":\"https:\/\/koduaed.balticagro.ee\/en\/\",\"name\":\"Balticagro koduaed\",\"description\":\"\",\"publisher\":{\"@id\":\"https:\/\/koduaed.balticagro.ee\/en\/#organization\"},\"alternateName\":\"Koduaed\",\"potentialAction\":[{\"@type\":\"SearchAction\",\"target\":{\"@type\":\"EntryPoint\",\"urlTemplate\":\"https:\/\/koduaed.balticagro.ee\/en\/?s={search_term_string}\"},\"query-input\":{\"@type\":\"PropertyValueSpecification\",\"valueRequired\":true,\"valueName\":\"search_term_string\"}}],\"inLanguage\":\"en-US\"},{\"@type\":[\"Organization\",\"Place\"],\"@id\":\"https:\/\/koduaed.balticagro.ee\/en\/#organization\",\"name\":\"Baltic Agro AS\",\"alternateName\":\"Koduaed\",\"url\":\"https:\/\/koduaed.balticagro.ee\/en\/\",\"logo\":{\"@id\":\"https:\/\/koduaed.balticagro.ee\/en\/product\/fertilizer-tablets-for-summer-flowers\/#local-main-organization-logo\"},\"image\":{\"@id\":\"https:\/\/koduaed.balticagro.ee\/en\/product\/fertilizer-tablets-for-summer-flowers\/#local-main-organization-logo\"},\"telephone\":[],\"openingHoursSpecification\":[{\"@type\":\"OpeningHoursSpecification\",\"dayOfWeek\":[\"Monday\",\"Tuesday\",\"Wednesday\",\"Thursday\",\"Friday\",\"Saturday\",\"Sunday\"],\"opens\":\"09:00\",\"closes\":\"17:00\"}]},{\"@type\":\"ImageObject\",\"inLanguage\":\"en-US\",\"@id\":\"https:\/\/koduaed.balticagro.ee\/en\/product\/fertilizer-tablets-for-summer-flowers\/#local-main-organization-logo\",\"url\":\"https:\/\/koduaed.balticagro.ee\/wp-content\/uploads\/2020\/02\/balticagro_estonia-1-2.png\",\"contentUrl\":\"https:\/\/koduaed.balticagro.ee\/wp-content\/uploads\/2020\/02\/balticagro_estonia-1-2.png\",\"width\":225,\"height\":81,\"caption\":\"Baltic Agro AS\"}]}<\/script>\n<meta property=\"product:price:currency\" content=\"EUR\" \/>\n<meta property=\"og:availability\" content=\"instock\" \/>\n<meta property=\"product:availability\" content=\"instock\" \/>\n<meta property=\"product:retailer_item_id\" content=\"4744360012001en\" \/>\n<meta property=\"product:condition\" content=\"new\" \/>\n<!-- \/ Yoast SEO Premium plugin. -->","yoast_head_json":{"title":"Fertilizer Tablets for Summer Flowers","description":"Fertilizer with a long-term effect, suitable for use in summer flower baskets and balcony boxes, potted plants, seedlings, ornamental shrubs, flower beds. Promotes strong growth and long-lasting blooms throughout the growing season. The special binding structure of the fertilizer allows the nutrients to be released gradually according to the plant's needs over a period of 6 months. Contains all essential basic and micronutrients for lush plant growth. (pack of at least 9 pcs). Shelf life: 5 years in sealed packaging.ManualIt is recommended to use once a year in the spring at the beginning of the growing season. Press the tablets into the soil next to the plant's roots. When planting, place the fertilizer tablets in the soil under the root ball. Using several tablets, press them into the soil at regular intervals. Water well after fertilizing.Ampli, potted plants: according to the diameter of the pot, 1 piece - \u00d8 0-10 cm, 2 pieces - \u00d8 10-15 cm,3 pcs - \u00d8 15-20 cm, 4 pcs - \u00d8 20-30 cm, 5-6 pcs - \u00d8 30-40 cm.Balcony boxes, flower beds: 1 tablet for each plant (geraniums, petunias, begonias and other summer flowers).Package1 g","robots":{"index":"index","follow":"follow","max-snippet":"max-snippet:-1","max-image-preview":"max-image-preview:large","max-video-preview":"max-video-preview:-1"},"canonical":"https:\/\/koduaed.balticagro.ee\/en\/product\/fertilizer-tablets-for-summer-flowers\/","og_locale":"en_US","og_type":"article","og_title":"Fertilizer Tablets for Summer Flowers","og_description":"Fertilizer with a long-term effect, suitable for use in summer flower baskets and balcony boxes, potted plants, seedlings, ornamental shrubs, flower beds. Promotes strong growth and long-lasting blooms throughout the growing season. The special binding structure of the fertilizer allows the nutrients to be released gradually according to the plant's needs over a period of 6 months. Contains all essential basic and micronutrients for lush plant growth. (pack of at least 9 pcs). Shelf life: 5 years in sealed packaging.ManualIt is recommended to use once a year in the spring at the beginning of the growing season. Press the tablets into the soil next to the plant's roots. When planting, place the fertilizer tablets in the soil under the root ball. Using several tablets, press them into the soil at regular intervals. Water well after fertilizing.Ampli, potted plants: according to the diameter of the pot, 1 piece - \u00d8 0-10 cm, 2 pieces - \u00d8 10-15 cm,3 pcs - \u00d8 15-20 cm, 4 pcs - \u00d8 20-30 cm, 5-6 pcs - \u00d8 30-40 cm.Balcony boxes, flower beds: 1 tablet for each plant (geraniums, petunias, begonias and other summer flowers).Package1 g","og_url":"https:\/\/koduaed.balticagro.ee\/en\/product\/fertilizer-tablets-for-summer-flowers\/","og_site_name":"Koduaed","article_modified_time":"2026-03-31T22:26:39+00:00","og_image":[{"width":1080,"height":1080,"url":"https:\/\/koduaed.balticagro.ee\/wp-content\/uploads\/2026\/02\/85f620cc_1920x1080-1.jpg","type":"image\/jpeg"}],"twitter_card":"summary_large_image","twitter_misc":{"Price":"","Availability":"In stock"},"schema":{"@context":"https:\/\/schema.org","@graph":[{"@type":"WebPage","@id":"https:\/\/koduaed.balticagro.ee\/en\/product\/fertilizer-tablets-for-summer-flowers\/","url":"https:\/\/koduaed.balticagro.ee\/en\/product\/fertilizer-tablets-for-summer-flowers\/","name":"Fertilizer Tablets for Summer Flowers","isPartOf":{"@id":"https:\/\/koduaed.balticagro.ee\/en\/#website"},"primaryImageOfPage":{"@id":"https:\/\/koduaed.balticagro.ee\/en\/product\/fertilizer-tablets-for-summer-flowers\/#primaryimage"},"image":{"@id":"https:\/\/koduaed.balticagro.ee\/en\/product\/fertilizer-tablets-for-summer-flowers\/#primaryimage"},"thumbnailUrl":"https:\/\/koduaed.balticagro.ee\/wp-content\/uploads\/2026\/04\/85f620cc_1920x1080.jpg","datePublished":"2026-02-19T16:05:05+00:00","dateModified":"2026-03-31T22:26:39+00:00","description":"Fertilizer with a long-term effect, suitable for use in summer flower baskets and balcony boxes, potted plants, seedlings, ornamental shrubs, flower beds. Promotes strong growth and long-lasting blooms throughout the growing season. The special binding structure of the fertilizer allows the nutrients to be released gradually according to the plant's needs over a period of 6 months. Contains all essential basic and micronutrients for lush plant growth. (pack of at least 9 pcs). Shelf life: 5 years in sealed packaging. Manual It is recommended to use once a year in the spring at the beginning of the growing season. Press the tablets into the soil next to the plant's roots. When planting, place the fertilizer tablets in the soil under the root ball. Using several tablets, press them into the soil at regular intervals. Water well after fertilizing.Ampli, potted plants: according to the diameter of the pot, 1 piece - \u00d8 0-10 cm, 2 pieces - \u00d8 10-15 cm,3 pcs - \u00d8 15-20 cm, 4 pcs - \u00d8 20-30 cm, 5-6 pcs - \u00d8 30-40 cm.Balcony boxes, flower beds: 1 tablet for each plant (geraniums, petunias, begonias and other summer flowers). Package 1 g","breadcrumb":{"@id":"https:\/\/koduaed.balticagro.ee\/en\/product\/fertilizer-tablets-for-summer-flowers\/#breadcrumb"},"inLanguage":"en-US","potentialAction":[{"@type":"ReadAction","target":["https:\/\/koduaed.balticagro.ee\/en\/product\/fertilizer-tablets-for-summer-flowers\/"]}]},{"@type":"ImageObject","inLanguage":"en-US","@id":"https:\/\/koduaed.balticagro.ee\/en\/product\/fertilizer-tablets-for-summer-flowers\/#primaryimage","url":"https:\/\/koduaed.balticagro.ee\/wp-content\/uploads\/2026\/04\/85f620cc_1920x1080.jpg","contentUrl":"https:\/\/koduaed.balticagro.ee\/wp-content\/uploads\/2026\/04\/85f620cc_1920x1080.jpg","width":1080,"height":1080},{"@type":"BreadcrumbList","@id":"https:\/\/koduaed.balticagro.ee\/en\/product\/fertilizer-tablets-for-summer-flowers\/#breadcrumb","itemListElement":[{"@type":"ListItem","position":1,"name":"Avaleht","item":"https:\/\/koduaed.balticagro.ee\/en\/"},{"@type":"ListItem","position":2,"name":"Products","item":"https:\/\/koduaed.balticagro.ee\/en\/products\/"},{"@type":"ListItem","position":3,"name":"Fertilizer Tablets for Summer Flowers"}]},{"@type":"WebSite","@id":"https:\/\/koduaed.balticagro.ee\/en\/#website","url":"https:\/\/koduaed.balticagro.ee\/en\/","name":"Balticagro koduaed","description":"","publisher":{"@id":"https:\/\/koduaed.balticagro.ee\/en\/#organization"},"alternateName":"Koduaed","potentialAction":[{"@type":"SearchAction","target":{"@type":"EntryPoint","urlTemplate":"https:\/\/koduaed.balticagro.ee\/en\/?s={search_term_string}"},"query-input":{"@type":"PropertyValueSpecification","valueRequired":true,"valueName":"search_term_string"}}],"inLanguage":"en-US"},{"@type":["Organization","Place"],"@id":"https:\/\/koduaed.balticagro.ee\/en\/#organization","name":"Baltic Agro AS","alternateName":"Koduaed","url":"https:\/\/koduaed.balticagro.ee\/en\/","logo":{"@id":"https:\/\/koduaed.balticagro.ee\/en\/product\/fertilizer-tablets-for-summer-flowers\/#local-main-organization-logo"},"image":{"@id":"https:\/\/koduaed.balticagro.ee\/en\/product\/fertilizer-tablets-for-summer-flowers\/#local-main-organization-logo"},"telephone":[],"openingHoursSpecification":[{"@type":"OpeningHoursSpecification","dayOfWeek":["Monday","Tuesday","Wednesday","Thursday","Friday","Saturday","Sunday"],"opens":"09:00","closes":"17:00"}]},{"@type":"ImageObject","inLanguage":"en-US","@id":"https:\/\/koduaed.balticagro.ee\/en\/product\/fertilizer-tablets-for-summer-flowers\/#local-main-organization-logo","url":"https:\/\/koduaed.balticagro.ee\/wp-content\/uploads\/2020\/02\/balticagro_estonia-1-2.png","contentUrl":"https:\/\/koduaed.balticagro.ee\/wp-content\/uploads\/2020\/02\/balticagro_estonia-1-2.png","width":225,"height":81,"caption":"Baltic Agro AS"}]},"product_price_currency":"EUR","og_availability":"instock","product_availability":"instock","product_retailer_item_id":"4744360012001en","product_condition":"new"},"_links":{"self":[{"href":"https:\/\/koduaed.balticagro.ee\/en\/wp-json\/wp\/v2\/product\/836981","targetHints":{"allow":["GET"]}}],"collection":[{"href":"https:\/\/koduaed.balticagro.ee\/en\/wp-json\/wp\/v2\/product"}],"about":[{"href":"https:\/\/koduaed.balticagro.ee\/en\/wp-json\/wp\/v2\/types\/product"}],"wp:featuredmedia":[{"embeddable":true,"href":"https:\/\/koduaed.balticagro.ee\/en\/wp-json\/wp\/v2\/media\/1342070"}],"wp:attachment":[{"href":"https:\/\/koduaed.balticagro.ee\/en\/wp-json\/wp\/v2\/media?parent=836981"}],"wp:term":[{"taxonomy":"product_brand","embeddable":true,"href":"https:\/\/koduaed.balticagro.ee\/en\/wp-json\/wp\/v2\/product_brand?post=836981"},{"taxonomy":"product_cat","embeddable":true,"href":"https:\/\/koduaed.balticagro.ee\/en\/wp-json\/wp\/v2\/product_cat?post=836981"},{"taxonomy":"product_tag","embeddable":true,"href":"https:\/\/koduaed.balticagro.ee\/en\/wp-json\/wp\/v2\/product_tag?post=836981"}],"curies":[{"name":"wp","href":"https:\/\/api.w.org\/{rel}","templated":true}]}}