{"id":372866,"date":"2026-02-18T14:30:03","date_gmt":"2026-02-18T12:30:03","guid":{"rendered":"https:\/\/koduaed.balticagro.ee\/toode\/seed-potato-sunshine-25-kg-4\/"},"modified":"2026-05-05T20:42:11","modified_gmt":"2026-05-05T17:42:11","slug":"seed-potato-sunshine-25-kg-4","status":"publish","type":"product","link":"https:\/\/koduaed.balticagro.ee\/en\/product\/seed-potato-sunshine-25-kg-4\/","title":{"rendered":"Seed Potato &#8216;Sunshine&#8217; 25 kg"},"content":{"rendered":"","protected":false},"excerpt":{"rendered":"<p>Kartul &#8216;Sunshine&#8217; on v\u00e4ga varajane kollase sileda koorega, pikkovaalsed, v\u00e4ga madalate silmadega, kollase kuni tumekollase sisuga kartulisort. Sobib v\u00e4rskelt tarbimiseks.<\/p>\n<h3>Manual<\/h3>\n<p>Potato &#8216;Sunshine&#8217; is very early, fast initial development, medium dormancy period, average number of tubers per plant, high yield. Tubers have a yellow smooth skin, are long-oval shaped, with very shallow eyes, and yellow to dark yellow flesh. Low dry matter content, type B usage, suitable for fresh consumption. High resistance to common scab, brown rot, Y-viruses and soft rot, medium resistance to common scab. No dark spots form during harvesting and the skin sets quickly.<\/p>\n<h3>Package<\/h3>\n<p>2 kg<\/p>\n","protected":false},"featured_media":1341799,"template":"","meta":{"_monsterinsights_skip_tracking":false,"_monsterinsights_sitenote_active":false,"_monsterinsights_sitenote_note":"","_monsterinsights_sitenote_category":0},"product_brand":[],"product_cat":[7703,7708,7691],"product_tag":[],"class_list":{"0":"post-372866","1":"product","2":"type-product","3":"status-publish","4":"has-post-thumbnail","6":"product_cat-seeds","7":"product_cat-seed-potato","8":"product_cat-garden-products","9":"description-off","11":"first","12":"instock","13":"downloadable","14":"product-type-simple"},"yoast_head":"<!-- This site is optimized with the Yoast SEO Premium plugin v27.0 (Yoast SEO v27.0) - https:\/\/yoast.com\/product\/yoast-seo-premium-wordpress\/ -->\n<title>Seed Potato &#039;Sunshine&#039; 25 kg<\/title>\n<meta name=\"description\" content=\"Kartul &#039;Sunshine&#039; on v\u00e4ga varajane kollase sileda koorega, pikkovaalsed, v\u00e4ga madalate silmadega, kollase kuni tumekollase sisuga kartulisort. Sobib v\u00e4rskelt tarbimiseks.ManualPotato &#039;Sunshine&#039; is very early, fast initial development, medium dormancy period, average number of tubers per plant, high yield. Tubers have a yellow smooth skin, are long-oval shaped, with very shallow eyes, and yellow to dark yellow flesh. Low dry matter content, type B usage, suitable for fresh consumption. High resistance to common scab, brown rot, Y-viruses and soft rot, medium resistance to common scab. No dark spots form during harvesting and the skin sets quickly.Package2 kg\" \/>\n<meta name=\"robots\" content=\"index, follow, max-snippet:-1, max-image-preview:large, max-video-preview:-1\" \/>\n<link rel=\"canonical\" href=\"https:\/\/koduaed.balticagro.ee\/en\/product\/seed-potato-sunshine-25-kg-4\/\" \/>\n<meta property=\"og:locale\" content=\"en_US\" \/>\n<meta property=\"og:type\" content=\"article\" \/>\n<meta property=\"og:title\" content=\"Seed Potato &#039;Sunshine&#039; 25 kg\" \/>\n<meta property=\"og:description\" content=\"Kartul &#039;Sunshine&#039; on v\u00e4ga varajane kollase sileda koorega, pikkovaalsed, v\u00e4ga madalate silmadega, kollase kuni tumekollase sisuga kartulisort. Sobib v\u00e4rskelt tarbimiseks.ManualPotato &#039;Sunshine&#039; is very early, fast initial development, medium dormancy period, average number of tubers per plant, high yield. Tubers have a yellow smooth skin, are long-oval shaped, with very shallow eyes, and yellow to dark yellow flesh. Low dry matter content, type B usage, suitable for fresh consumption. High resistance to common scab, brown rot, Y-viruses and soft rot, medium resistance to common scab. No dark spots form during harvesting and the skin sets quickly.Package2 kg\" \/>\n<meta property=\"og:url\" content=\"https:\/\/koduaed.balticagro.ee\/en\/product\/seed-potato-sunshine-25-kg-4\/\" \/>\n<meta property=\"og:site_name\" content=\"Koduaed\" \/>\n<meta property=\"article:modified_time\" content=\"2026-05-05T17:42:11+00:00\" \/>\n<meta property=\"og:image\" content=\"https:\/\/koduaed.balticagro.ee\/wp-content\/uploads\/2026\/04\/036b3c3c_1920x1080.jpg\" \/>\n\t<meta property=\"og:image:width\" content=\"1325\" \/>\n\t<meta property=\"og:image:height\" content=\"992\" \/>\n\t<meta property=\"og:image:type\" content=\"image\/jpeg\" \/>\n<meta name=\"twitter:card\" content=\"summary_large_image\" \/>\n<meta name=\"twitter:label1\" content=\"Price\" \/>\n\t<meta name=\"twitter:data1\" content=\"\" \/>\n\t<meta name=\"twitter:label2\" content=\"Availability\" \/>\n\t<meta name=\"twitter:data2\" content=\"In stock\" \/>\n<script type=\"application\/ld+json\" class=\"yoast-schema-graph\">{\"@context\":\"https:\/\/schema.org\",\"@graph\":[{\"@type\":\"WebPage\",\"@id\":\"https:\/\/koduaed.balticagro.ee\/en\/product\/seed-potato-sunshine-25-kg-4\/\",\"url\":\"https:\/\/koduaed.balticagro.ee\/en\/product\/seed-potato-sunshine-25-kg-4\/\",\"name\":\"Seed Potato 'Sunshine' 25 kg\",\"isPartOf\":{\"@id\":\"https:\/\/koduaed.balticagro.ee\/en\/#website\"},\"primaryImageOfPage\":{\"@id\":\"https:\/\/koduaed.balticagro.ee\/en\/product\/seed-potato-sunshine-25-kg-4\/#primaryimage\"},\"image\":{\"@id\":\"https:\/\/koduaed.balticagro.ee\/en\/product\/seed-potato-sunshine-25-kg-4\/#primaryimage\"},\"thumbnailUrl\":\"https:\/\/koduaed.balticagro.ee\/wp-content\/uploads\/2026\/04\/036b3c3c_1920x1080.jpg\",\"datePublished\":\"2026-02-18T12:30:03+00:00\",\"dateModified\":\"2026-05-05T17:42:11+00:00\",\"description\":\"Kartul 'Sunshine' on v\u00e4ga varajane kollase sileda koorega, pikkovaalsed, v\u00e4ga madalate silmadega, kollase kuni tumekollase sisuga kartulisort. Sobib v\u00e4rskelt tarbimiseks. Manual Potato 'Sunshine' is very early, fast initial development, medium dormancy period, average number of tubers per plant, high yield. Tubers have a yellow smooth skin, are long-oval shaped, with very shallow eyes, and yellow to dark yellow flesh. Low dry matter content, type B usage, suitable for fresh consumption. High resistance to common scab, brown rot, Y-viruses and soft rot, medium resistance to common scab. No dark spots form during harvesting and the skin sets quickly. Package 2 kg\",\"breadcrumb\":{\"@id\":\"https:\/\/koduaed.balticagro.ee\/en\/product\/seed-potato-sunshine-25-kg-4\/#breadcrumb\"},\"inLanguage\":\"en-US\",\"potentialAction\":[{\"@type\":\"ReadAction\",\"target\":[\"https:\/\/koduaed.balticagro.ee\/en\/product\/seed-potato-sunshine-25-kg-4\/\"]}]},{\"@type\":\"ImageObject\",\"inLanguage\":\"en-US\",\"@id\":\"https:\/\/koduaed.balticagro.ee\/en\/product\/seed-potato-sunshine-25-kg-4\/#primaryimage\",\"url\":\"https:\/\/koduaed.balticagro.ee\/wp-content\/uploads\/2026\/04\/036b3c3c_1920x1080.jpg\",\"contentUrl\":\"https:\/\/koduaed.balticagro.ee\/wp-content\/uploads\/2026\/04\/036b3c3c_1920x1080.jpg\",\"width\":1325,\"height\":992},{\"@type\":\"BreadcrumbList\",\"@id\":\"https:\/\/koduaed.balticagro.ee\/en\/product\/seed-potato-sunshine-25-kg-4\/#breadcrumb\",\"itemListElement\":[{\"@type\":\"ListItem\",\"position\":1,\"name\":\"Avaleht\",\"item\":\"https:\/\/koduaed.balticagro.ee\/en\/\"},{\"@type\":\"ListItem\",\"position\":2,\"name\":\"Products\",\"item\":\"https:\/\/koduaed.balticagro.ee\/en\/products\/\"},{\"@type\":\"ListItem\",\"position\":3,\"name\":\"Seed Potato &#8216;Sunshine&#8217; 25 kg\"}]},{\"@type\":\"WebSite\",\"@id\":\"https:\/\/koduaed.balticagro.ee\/en\/#website\",\"url\":\"https:\/\/koduaed.balticagro.ee\/en\/\",\"name\":\"Balticagro koduaed\",\"description\":\"\",\"publisher\":{\"@id\":\"https:\/\/koduaed.balticagro.ee\/en\/#organization\"},\"alternateName\":\"Koduaed\",\"potentialAction\":[{\"@type\":\"SearchAction\",\"target\":{\"@type\":\"EntryPoint\",\"urlTemplate\":\"https:\/\/koduaed.balticagro.ee\/en\/?s={search_term_string}\"},\"query-input\":{\"@type\":\"PropertyValueSpecification\",\"valueRequired\":true,\"valueName\":\"search_term_string\"}}],\"inLanguage\":\"en-US\"},{\"@type\":[\"Organization\",\"Place\"],\"@id\":\"https:\/\/koduaed.balticagro.ee\/en\/#organization\",\"name\":\"Baltic Agro AS\",\"alternateName\":\"Koduaed\",\"url\":\"https:\/\/koduaed.balticagro.ee\/en\/\",\"logo\":{\"@id\":\"https:\/\/koduaed.balticagro.ee\/en\/product\/seed-potato-sunshine-25-kg-4\/#local-main-organization-logo\"},\"image\":{\"@id\":\"https:\/\/koduaed.balticagro.ee\/en\/product\/seed-potato-sunshine-25-kg-4\/#local-main-organization-logo\"},\"telephone\":[],\"openingHoursSpecification\":[{\"@type\":\"OpeningHoursSpecification\",\"dayOfWeek\":[\"Monday\",\"Tuesday\",\"Wednesday\",\"Thursday\",\"Friday\",\"Saturday\",\"Sunday\"],\"opens\":\"09:00\",\"closes\":\"17:00\"}]},{\"@type\":\"ImageObject\",\"inLanguage\":\"en-US\",\"@id\":\"https:\/\/koduaed.balticagro.ee\/en\/product\/seed-potato-sunshine-25-kg-4\/#local-main-organization-logo\",\"url\":\"https:\/\/koduaed.balticagro.ee\/wp-content\/uploads\/2020\/02\/balticagro_estonia-1-2.png\",\"contentUrl\":\"https:\/\/koduaed.balticagro.ee\/wp-content\/uploads\/2020\/02\/balticagro_estonia-1-2.png\",\"width\":225,\"height\":81,\"caption\":\"Baltic Agro AS\"}]}<\/script>\n<meta property=\"product:price:currency\" content=\"EUR\" \/>\n<meta property=\"og:availability\" content=\"instock\" \/>\n<meta property=\"product:availability\" content=\"instock\" \/>\n<meta property=\"product:retailer_item_id\" content=\"4744360014944en\" \/>\n<meta property=\"product:condition\" content=\"new\" \/>\n<!-- \/ Yoast SEO Premium plugin. -->","yoast_head_json":{"title":"Seed Potato 'Sunshine' 25 kg","description":"Kartul 'Sunshine' on v\u00e4ga varajane kollase sileda koorega, pikkovaalsed, v\u00e4ga madalate silmadega, kollase kuni tumekollase sisuga kartulisort. Sobib v\u00e4rskelt tarbimiseks.ManualPotato 'Sunshine' is very early, fast initial development, medium dormancy period, average number of tubers per plant, high yield. Tubers have a yellow smooth skin, are long-oval shaped, with very shallow eyes, and yellow to dark yellow flesh. Low dry matter content, type B usage, suitable for fresh consumption. High resistance to common scab, brown rot, Y-viruses and soft rot, medium resistance to common scab. No dark spots form during harvesting and the skin sets quickly.Package2 kg","robots":{"index":"index","follow":"follow","max-snippet":"max-snippet:-1","max-image-preview":"max-image-preview:large","max-video-preview":"max-video-preview:-1"},"canonical":"https:\/\/koduaed.balticagro.ee\/en\/product\/seed-potato-sunshine-25-kg-4\/","og_locale":"en_US","og_type":"article","og_title":"Seed Potato 'Sunshine' 25 kg","og_description":"Kartul 'Sunshine' on v\u00e4ga varajane kollase sileda koorega, pikkovaalsed, v\u00e4ga madalate silmadega, kollase kuni tumekollase sisuga kartulisort. Sobib v\u00e4rskelt tarbimiseks.ManualPotato 'Sunshine' is very early, fast initial development, medium dormancy period, average number of tubers per plant, high yield. Tubers have a yellow smooth skin, are long-oval shaped, with very shallow eyes, and yellow to dark yellow flesh. Low dry matter content, type B usage, suitable for fresh consumption. High resistance to common scab, brown rot, Y-viruses and soft rot, medium resistance to common scab. No dark spots form during harvesting and the skin sets quickly.Package2 kg","og_url":"https:\/\/koduaed.balticagro.ee\/en\/product\/seed-potato-sunshine-25-kg-4\/","og_site_name":"Koduaed","article_modified_time":"2026-05-05T17:42:11+00:00","og_image":[{"width":1325,"height":992,"url":"https:\/\/koduaed.balticagro.ee\/wp-content\/uploads\/2026\/04\/036b3c3c_1920x1080.jpg","type":"image\/jpeg"}],"twitter_card":"summary_large_image","twitter_misc":{"Price":"","Availability":"In stock"},"schema":{"@context":"https:\/\/schema.org","@graph":[{"@type":"WebPage","@id":"https:\/\/koduaed.balticagro.ee\/en\/product\/seed-potato-sunshine-25-kg-4\/","url":"https:\/\/koduaed.balticagro.ee\/en\/product\/seed-potato-sunshine-25-kg-4\/","name":"Seed Potato 'Sunshine' 25 kg","isPartOf":{"@id":"https:\/\/koduaed.balticagro.ee\/en\/#website"},"primaryImageOfPage":{"@id":"https:\/\/koduaed.balticagro.ee\/en\/product\/seed-potato-sunshine-25-kg-4\/#primaryimage"},"image":{"@id":"https:\/\/koduaed.balticagro.ee\/en\/product\/seed-potato-sunshine-25-kg-4\/#primaryimage"},"thumbnailUrl":"https:\/\/koduaed.balticagro.ee\/wp-content\/uploads\/2026\/04\/036b3c3c_1920x1080.jpg","datePublished":"2026-02-18T12:30:03+00:00","dateModified":"2026-05-05T17:42:11+00:00","description":"Kartul 'Sunshine' on v\u00e4ga varajane kollase sileda koorega, pikkovaalsed, v\u00e4ga madalate silmadega, kollase kuni tumekollase sisuga kartulisort. Sobib v\u00e4rskelt tarbimiseks. Manual Potato 'Sunshine' is very early, fast initial development, medium dormancy period, average number of tubers per plant, high yield. Tubers have a yellow smooth skin, are long-oval shaped, with very shallow eyes, and yellow to dark yellow flesh. Low dry matter content, type B usage, suitable for fresh consumption. High resistance to common scab, brown rot, Y-viruses and soft rot, medium resistance to common scab. No dark spots form during harvesting and the skin sets quickly. Package 2 kg","breadcrumb":{"@id":"https:\/\/koduaed.balticagro.ee\/en\/product\/seed-potato-sunshine-25-kg-4\/#breadcrumb"},"inLanguage":"en-US","potentialAction":[{"@type":"ReadAction","target":["https:\/\/koduaed.balticagro.ee\/en\/product\/seed-potato-sunshine-25-kg-4\/"]}]},{"@type":"ImageObject","inLanguage":"en-US","@id":"https:\/\/koduaed.balticagro.ee\/en\/product\/seed-potato-sunshine-25-kg-4\/#primaryimage","url":"https:\/\/koduaed.balticagro.ee\/wp-content\/uploads\/2026\/04\/036b3c3c_1920x1080.jpg","contentUrl":"https:\/\/koduaed.balticagro.ee\/wp-content\/uploads\/2026\/04\/036b3c3c_1920x1080.jpg","width":1325,"height":992},{"@type":"BreadcrumbList","@id":"https:\/\/koduaed.balticagro.ee\/en\/product\/seed-potato-sunshine-25-kg-4\/#breadcrumb","itemListElement":[{"@type":"ListItem","position":1,"name":"Avaleht","item":"https:\/\/koduaed.balticagro.ee\/en\/"},{"@type":"ListItem","position":2,"name":"Products","item":"https:\/\/koduaed.balticagro.ee\/en\/products\/"},{"@type":"ListItem","position":3,"name":"Seed Potato &#8216;Sunshine&#8217; 25 kg"}]},{"@type":"WebSite","@id":"https:\/\/koduaed.balticagro.ee\/en\/#website","url":"https:\/\/koduaed.balticagro.ee\/en\/","name":"Balticagro koduaed","description":"","publisher":{"@id":"https:\/\/koduaed.balticagro.ee\/en\/#organization"},"alternateName":"Koduaed","potentialAction":[{"@type":"SearchAction","target":{"@type":"EntryPoint","urlTemplate":"https:\/\/koduaed.balticagro.ee\/en\/?s={search_term_string}"},"query-input":{"@type":"PropertyValueSpecification","valueRequired":true,"valueName":"search_term_string"}}],"inLanguage":"en-US"},{"@type":["Organization","Place"],"@id":"https:\/\/koduaed.balticagro.ee\/en\/#organization","name":"Baltic Agro AS","alternateName":"Koduaed","url":"https:\/\/koduaed.balticagro.ee\/en\/","logo":{"@id":"https:\/\/koduaed.balticagro.ee\/en\/product\/seed-potato-sunshine-25-kg-4\/#local-main-organization-logo"},"image":{"@id":"https:\/\/koduaed.balticagro.ee\/en\/product\/seed-potato-sunshine-25-kg-4\/#local-main-organization-logo"},"telephone":[],"openingHoursSpecification":[{"@type":"OpeningHoursSpecification","dayOfWeek":["Monday","Tuesday","Wednesday","Thursday","Friday","Saturday","Sunday"],"opens":"09:00","closes":"17:00"}]},{"@type":"ImageObject","inLanguage":"en-US","@id":"https:\/\/koduaed.balticagro.ee\/en\/product\/seed-potato-sunshine-25-kg-4\/#local-main-organization-logo","url":"https:\/\/koduaed.balticagro.ee\/wp-content\/uploads\/2020\/02\/balticagro_estonia-1-2.png","contentUrl":"https:\/\/koduaed.balticagro.ee\/wp-content\/uploads\/2020\/02\/balticagro_estonia-1-2.png","width":225,"height":81,"caption":"Baltic Agro AS"}]},"product_price_currency":"EUR","og_availability":"instock","product_availability":"instock","product_retailer_item_id":"4744360014944en","product_condition":"new"},"_links":{"self":[{"href":"https:\/\/koduaed.balticagro.ee\/en\/wp-json\/wp\/v2\/product\/372866","targetHints":{"allow":["GET"]}}],"collection":[{"href":"https:\/\/koduaed.balticagro.ee\/en\/wp-json\/wp\/v2\/product"}],"about":[{"href":"https:\/\/koduaed.balticagro.ee\/en\/wp-json\/wp\/v2\/types\/product"}],"wp:featuredmedia":[{"embeddable":true,"href":"https:\/\/koduaed.balticagro.ee\/en\/wp-json\/wp\/v2\/media\/1341799"}],"wp:attachment":[{"href":"https:\/\/koduaed.balticagro.ee\/en\/wp-json\/wp\/v2\/media?parent=372866"}],"wp:term":[{"taxonomy":"product_brand","embeddable":true,"href":"https:\/\/koduaed.balticagro.ee\/en\/wp-json\/wp\/v2\/product_brand?post=372866"},{"taxonomy":"product_cat","embeddable":true,"href":"https:\/\/koduaed.balticagro.ee\/en\/wp-json\/wp\/v2\/product_cat?post=372866"},{"taxonomy":"product_tag","embeddable":true,"href":"https:\/\/koduaed.balticagro.ee\/en\/wp-json\/wp\/v2\/product_tag?post=372866"}],"curies":[{"name":"wp","href":"https:\/\/api.w.org\/{rel}","templated":true}]}}